{"id":1274,"date":"2024-08-20T17:27:40","date_gmt":"2024-08-20T17:27:40","guid":{"rendered":"https:\/\/juradotraductor.com\/?post_type=product&#038;p=1274"},"modified":"2024-08-20T17:30:33","modified_gmt":"2024-08-20T17:30:33","slug":"certificado-de-vida-y-estado-civil-copy-copy-copy","status":"publish","type":"product","link":"https:\/\/juradotraductor.com\/es\/producto\/certificado-de-vida-y-estado-civil-copy-copy-copy\/","title":{"rendered":"Certificado de Vida y Estado Civil (Copy) (Copy) (Copy)"},"content":{"rendered":"<p>El Certificado de Vida y Estado Civil, tambi\u00e9n conocido como Prueba de Vida, es un documento oficial expedido por el registro civil o una autoridad competente. Sirve para verificar la existencia y el estado civil de una persona. Este documento es imprescindible para diversos tr\u00e1mites, como seguir percibiendo pensiones y prestaciones de jubilaci\u00f3n, realizar transacciones bancarias, gestionar herencias, formalizar matrimonios y en procesos de emigraci\u00f3n o solicitud de visados.<\/p>\n","protected":false},"excerpt":{"rendered":"<p>Traducci\u00f3n jurada de tu Certificado de Vida y Estado Civil \/ Prueba de Vida<\/p>\n","protected":false},"featured_media":1280,"comment_status":"open","ping_status":"closed","template":"","meta":{"_acf_changed":false,"inline_featured_image":false,"_monsterinsights_skip_tracking":false,"_monsterinsights_sitenote_active":false,"_monsterinsights_sitenote_note":"","_monsterinsights_sitenote_category":0},"product_cat":[],"product_tag":[105],"class_list":{"0":"post-1274","1":"product","2":"type-product","3":"status-publish","4":"has-post-thumbnail","6":"product_tag-legal-y-judicial","8":"first","9":"instock","10":"shipping-taxable","11":"purchasable","12":"product-type-variable","13":"has-default-attributes","14":"wvs-archive-product-wrapper"},"acf":[],"aioseo_notices":[],"_links":{"self":[{"href":"https:\/\/juradotraductor.com\/es\/wp-json\/wp\/v2\/product\/1274"}],"collection":[{"href":"https:\/\/juradotraductor.com\/es\/wp-json\/wp\/v2\/product"}],"about":[{"href":"https:\/\/juradotraductor.com\/es\/wp-json\/wp\/v2\/types\/product"}],"replies":[{"embeddable":true,"href":"https:\/\/juradotraductor.com\/es\/wp-json\/wp\/v2\/comments?post=1274"}],"wp:featuredmedia":[{"embeddable":true,"href":"https:\/\/juradotraductor.com\/es\/wp-json\/wp\/v2\/media\/1280"}],"wp:attachment":[{"href":"https:\/\/juradotraductor.com\/es\/wp-json\/wp\/v2\/media?parent=1274"}],"wp:term":[{"taxonomy":"product_cat","embeddable":true,"href":"https:\/\/juradotraductor.com\/es\/wp-json\/wp\/v2\/product_cat?post=1274"},{"taxonomy":"product_tag","embeddable":true,"href":"https:\/\/juradotraductor.com\/es\/wp-json\/wp\/v2\/product_tag?post=1274"}],"curies":[{"name":"wp","href":"https:\/\/api.w.org\/{rel}","templated":true}]}}